{"id":606,"date":"2011-06-14T13:06:37","date_gmt":"2011-06-14T18:06:37","guid":{"rendered":"http:\/\/filmigrana.wordpress.com\/?page_id=606"},"modified":"2022-11-16T23:51:51","modified_gmt":"2022-11-16T23:51:51","slug":"whats-your-pleasure-mr-cotton","status":"publish","type":"page","link":"https:\/\/filmigrana.com\/criticas\/nuestro-alijo\/whats-your-pleasure-mr-cotton\/","title":{"rendered":"What&#8217;s Your Pleasure, Mr Cotton"},"content":{"rendered":"<p>Trat\u00e1ndose de una plataforma como\u00a0<strong>Filmigrana<\/strong>, ser\u00eda bastante deshabrido y de muy mal hado el hecho de llamar esta secci\u00f3n &#8220;Pel\u00edculas de Culto&#8221;. \u00bfNo suena, de hecho, ligeramente desprovisto de sensualidad, adem\u00e1s de gen\u00e9rico? Se nos antoja complicado hacer una clasificaci\u00f3n general del cine con respecto a la recepci\u00f3n del p\u00fablico, pero entendemos aproximadamente que el culto nace donde termina (o nunca existi\u00f3) el \u00e9xito comercial, en ese nicho donde se halla aquello que las &#8216;masas&#8217; no supieron aprovechar y el producto acaba teniendo una muy alta estima en un p\u00fablico especializado, que se encarga de mantener con bala de ox\u00edgeno la presencia del filme en la cultura.<\/p>\n<p><em>What&#8217;s your Pleasure<\/em>\u00a0es ante todo una visi\u00f3n subjetiva, cualquiera puede ser un Frank Cotton que disfruta de aquello que genera dolor a los dem\u00e1s, aduciendo a las preferencias de pel\u00edculas que posiblemente carecen de un culto como tal. Tomando como punto de partida las primeras lineas de di\u00e1logo en la c\u00e9lebre y aut\u00e9nticamente de culto Hellraiser (1987), no es un espacio para recrear las numerosas discusiones construidas en torno a pel\u00edculas que ya todos conocen y aman u odian; sino que nos preciamos de traer, como con todo lo que hemos venido escribiendo hasta ahora, nuevas promesas a la mesa, con el fin de ser destrozadas o compartidas entre nosotros, odiosos redactores y estimados lectores por igual.<\/p>\n<p><a href=\"https:\/\/filmigrana.com\/criticas\/2011\/05\/22\/joel-schumacher-flatliners-1990\/\">Joel Schumacher: Flatliners (1990)<\/a><\/p>\n<p><a href=\"https:\/\/filmigrana.com\/criticas\/2011\/07\/26\/ralph-bakshi-fire-and-ice-1983\/\">Ralph Bakshi: Fire And Ice (1983)<\/a><\/p>\n<div>\n<p><em>Trilog\u00eda tecnol\u00f3gica noventera:<\/em><\/p>\n<p>a)\u00a0<a href=\"https:\/\/filmigrana.com\/criticas\/index.php\/2011\/08\/01\/nora-ephron-youve-got-mail-1998\/\">Nora Ephron: You&#8217;ve Got Mail (1998)<\/a><\/p>\n<p>b)\u00a0<a href=\"https:\/\/filmigrana.com\/criticas\/index.php\/2011\/09\/19\/barry-levinson-disclosure-1994\/\">Barry Levinson: Disclosure (1994)<\/a><\/p>\n<p>c)\u00a0<a href=\"https:\/\/filmigrana.com\/criticas\/2011\/12\/28\/irwin-winkler-the-net-1995\/\">Irwin Winkler: The Net (1995)<\/a><\/p>\n<p><a href=\"https:\/\/filmigrana.com\/criticas\/index.php\/2011\/09\/30\/adam-mckay-step-brothers-2008\/\">Adam McKay: Stepbrothers (2008)<\/a><\/p>\n<p><a href=\"https:\/\/filmigrana.com\/criticas\/2011\/10\/13\/yoshiyuki-tomino-space-runaway-ideon-a-contact-1982\/\">Yoshiyuki Tomino: Space Runaway Ideon &#8211; A Contact (1982)<\/a><\/p>\n<p><a href=\"https:\/\/filmigrana.com\/criticas\/2011\/12\/01\/desmond-davis-clash-of-the-titans-1981\/\">Desmond Davis: Clash Of The Titans (1981)<\/a><\/p>\n<\/div>\n<p><a href=\"https:\/\/filmigrana.com\/criticas\/2012\/02\/18\/yoshiyuki-tomino-space-runaway-ideon-be-invoked-1982\/\">Yoshiyuki Tomino: Space Runaway Ideon \u2013 Be Invoked\u00a0(1982)<\/a><\/p>\n<p><a href=\"https:\/\/filmigrana.com\/criticas\/index.php\/2013\/04\/05\/phillip-noyce-blind-fury-1989\/\">Phillip Noyce: Blind Fury\u00a0(1989)<\/a><\/p>\n<p><a href=\"https:\/\/filmigrana.com\/criticas\/index.php\/2014\/08\/25\/frank-coraci-the-wedding-singer-1998\/\">Frank Coraci: The Wedding Singer (1998)<\/a><\/p>\n<p><a href=\"https:\/\/filmigrana.com\/criticas\/2015\/01\/12\/terry-zwigoff-art-school-confidential-2006\/\">Terry Zwigoff: Art School Confidential (2006)<\/a><\/p>\n<p><a href=\"https:\/\/filmigrana.com\/criticas\/2015\/11\/26\/yoshitaro-nomura-castle-of-sand-1974\/\">Yoshitaro Nomura: Castle Of Sand (1974)<\/a><\/p>\n<p><a href=\"https:\/\/filmigrana.com\/criticas\/index.php\/2016\/03\/29\/rob-bowman-the-x-files-fight-the-future-1998-chris-carter-the-x-files-i-want-to-believe-2008\/\">Rob Bowman, The X-Files: Fight The Future (1998) \/ Chris Carter, The X-Files: I Want To Believe (2008)<\/a><\/p>\n<p><a href=\"https:\/\/filmigrana.com\/criticas\/index.php\/2016\/10\/16\/rachel-talalay-ghost-in-the-machine-1993\/\">Rachel Talalay: Ghost In The Machine (1993)<\/a><\/p>\n<p><em>Blind Judgement:<\/em><\/p>\n<p>Blind Judgement Vol. 1: Submarinos, Misiles y Michael Dudikoff\u00a0<a href=\"https:\/\/filmigrana.com\/criticas\/index.php\/2014\/05\/10\/blind-judgement-vol-1-submarinos-misiles-y-michael-dudikoff-parte-i\/\">(Parte I)<\/a><\/p>\n","protected":false},"excerpt":{"rendered":"<p>Trat\u00e1ndose de una plataforma como\u00a0Filmigrana, ser\u00eda bastante deshabrido y de muy mal hado el hecho de llamar esta secci\u00f3n &#8220;Pel\u00edculas de Culto&#8221;. \u00bfNo suena, de hecho, ligeramente desprovisto de sensualidad, adem\u00e1s de gen\u00e9rico? Se nos antoja complicado hacer una clasificaci\u00f3n general del cine con respecto a la recepci\u00f3n del p\u00fablico, pero entendemos aproximadamente que el &hellip; <a href=\"https:\/\/filmigrana.com\/criticas\/nuestro-alijo\/whats-your-pleasure-mr-cotton\/\" class=\"more-link\">Continue reading <span class=\"screen-reader-text\">What&#8217;s Your Pleasure, Mr Cotton<\/span> <span class=\"meta-nav\">&rarr;<\/span><\/a><\/p>\n","protected":false},"author":5,"featured_media":4376,"parent":597,"menu_order":0,"comment_status":"closed","ping_status":"closed","template":"","meta":{"footnotes":""},"class_list":["post-606","page","type-page","status-publish","has-post-thumbnail","hentry"],"_links":{"self":[{"href":"https:\/\/filmigrana.com\/criticas\/wp-json\/wp\/v2\/pages\/606","targetHints":{"allow":["GET"]}}],"collection":[{"href":"https:\/\/filmigrana.com\/criticas\/wp-json\/wp\/v2\/pages"}],"about":[{"href":"https:\/\/filmigrana.com\/criticas\/wp-json\/wp\/v2\/types\/page"}],"author":[{"embeddable":true,"href":"https:\/\/filmigrana.com\/criticas\/wp-json\/wp\/v2\/users\/5"}],"replies":[{"embeddable":true,"href":"https:\/\/filmigrana.com\/criticas\/wp-json\/wp\/v2\/comments?post=606"}],"version-history":[{"count":13,"href":"https:\/\/filmigrana.com\/criticas\/wp-json\/wp\/v2\/pages\/606\/revisions"}],"predecessor-version":[{"id":6270,"href":"https:\/\/filmigrana.com\/criticas\/wp-json\/wp\/v2\/pages\/606\/revisions\/6270"}],"up":[{"embeddable":true,"href":"https:\/\/filmigrana.com\/criticas\/wp-json\/wp\/v2\/pages\/597"}],"wp:featuredmedia":[{"embeddable":true,"href":"https:\/\/filmigrana.com\/criticas\/wp-json\/wp\/v2\/media\/4376"}],"wp:attachment":[{"href":"https:\/\/filmigrana.com\/criticas\/wp-json\/wp\/v2\/media?parent=606"}],"curies":[{"name":"wp","href":"https:\/\/api.w.org\/{rel}","templated":true}]}}