{"id":6,"date":"2010-08-19T01:55:08","date_gmt":"2010-08-19T06:55:08","guid":{"rendered":"http:\/\/filmigrana.wordpress.com\/?page_id=2"},"modified":"2022-08-27T17:31:25","modified_gmt":"2022-08-27T17:31:25","slug":"about","status":"publish","type":"page","link":"https:\/\/filmigrana.com\/criticas\/about\/","title":{"rendered":"Acerca de Filmigrana"},"content":{"rendered":"<h2><strong>&#8230; \u00bfQu\u00e9 es esto de &#8220;Filmigrana&#8221;?<\/strong><\/h2>\n<p><strong>Filmigrana<\/strong> nace como una iniciativa de dos personas que, insatisfechas de s\u00f3lo contemplar creaciones art\u00edsticas y comerciales, deciden ventilar sus ponzo\u00f1osas apreciaciones sobre ellas. As\u00ed, aparece en el panorama local un grupo de individuos detestables dispuestos a poner su opini\u00f3n sesgada y frecuentemente (pero no necesariamente a prop\u00f3sito) injustificada. Una ventana a la cinematograf\u00eda moderna, cl\u00e1sica, desconocida, popular, asquerosa, fant\u00e1stica y magistral, he aqu\u00ed la proverbial caja de Pandora del esnobismo audiovisual. En palabras de un fan\u00e1tico guionista de ciencia ficci\u00f3n dura de la estupenda &#8220;Party Down&#8221;: <em>Magnicifent!<\/em><\/p>\n<p>La intenci\u00f3n de <strong>Filmigrana<\/strong> no es juzgar al autor ni demeritar su trabajo, sino ofrecer una cr\u00edtica que motive al lector a buscar dicha obra y consolidar o derrumbar el punto de vista ofrecido.<\/p>\n<h2><strong>Por Asmodeo, \u00bfC\u00f3mo funciona este sitio?<\/strong><\/h2>\n<p>El sitio alberga un buen n\u00famero de art\u00edculos con diversas apreciaciones sobre una obra o una serie de temas particulares, todo relacionado con cine. En la parte superior de la p\u00e1gina se halla <strong>Nuestro Alijo<\/strong>, el cual desplegar\u00e1 los siguientes contenidos cuando se posa el puntero encima:<\/p>\n<ul>\n<li><a href=\"https:\/\/filmigrana.com\/criticas\/nuestro-alijo\/valtams-rants\/\">Rants<\/a>\u00a0es nuestro osado intento por observar pel\u00edculas de gusto p\u00fablico con una mirada distinta, con el \u00e1nimo de crear discusi\u00f3n. \u00bfQue las paletas de color de Jean-Pierre Jeunet son espl\u00e9ndidas? \u00bfQue nadie osa hablar mal de la obra del viejo Kurosawa, por ser \u00e9ste pobre y senil? Ya lo veremos.<\/li>\n<li>La <a title=\"Cita A\u00a0Ciegas\" href=\"https:\/\/filmigrana.com\/criticas\/nuestro-alijo\/cita-a-ciegas\/\" target=\"_blank\" rel=\"noopener\">Cita a Ciegas<\/a> es una modalidad en la que nos libramos de los textos de referencia, las b\u00fasquedas web y las manidas puntualizaciones sobre terrenos conocidos, para embarcarnos en el misterio gozoso de ver por primera vez a un autor con el cual no tengamos ning\u00fan grado de familiaridad.<\/li>\n<li>Las <a title=\"Clases\u00a0Magistrales\" href=\"https:\/\/filmigrana.com\/criticas\/nuestro-alijo\/clases-magistrales\/\" target=\"_blank\" rel=\"noopener\">Clases Magistrales<\/a> son nuestro proyecto bandera, en el que tenemos la intenci\u00f3n de observar a un autor a lo largo de su recorrido filmogr\u00e1fico y comentar sus pies de p\u00e1gina, obsesiones, fetiches e incluso intentar predecir sus l\u00edmites, en el caso de que su obra a\u00fan no haya acabado. Al hacer click sobre el bot\u00f3n se abrir\u00e1 una p\u00e1gina listando las Clases Magistrales que a\u00fan no se hayan acabado, mientras que las conclu\u00eddas aparecer\u00e1n nada m\u00e1s situando el puntero.<\/li>\n<li>\u00a0La <a title=\"Filmigrana\u00a0Academia\" href=\"https:\/\/filmigrana.com\/criticas\/nuestro-alijo\/filmigrana-academia\/\" target=\"_blank\" rel=\"noopener\">Academia<\/a> es la hermana menor de las Clases Magistrales, formando ejemplos dignos de un ensayo sobre historia del cine a partir de pel\u00edculas particulares.<\/li>\n<li>Todos los a\u00f1os, a alturas del mes de octubre, vivimos una <a title=\"Una Semana de Horror en\u00a0Filmigrana\" href=\"https:\/\/filmigrana.com\/nuestro-alijo\/una-semana-de-horror-en-filmigrana\/\" target=\"_blank\" rel=\"noopener\">Semana de Horror en Filmigrana<\/a> en la que nos embarcamos a buscar lo m\u00e1s delicioso, cutre y\/u honroso para las v\u00edsperas en materia del g\u00e9nero. En la p\u00e1gina figuran los a\u00f1os en los que se ha publicado la Semana, que comprende 6 art\u00edculos de tama\u00f1o especial.<\/li>\n<li>&#8220;<a title=\"What\u2019s Your Pleasure, Mr\u00a0Cotton\" href=\"https:\/\/filmigrana.com\/criticas\/nuestro-alijo\/whats-your-pleasure-mr-cotton\/\" target=\"_blank\" rel=\"noopener\">What&#8217;s Your Pleasure, Mr. Cotton<\/a>&#8221; es una cita que identificar\u00e1n los amantes de lo poco convencional y del cine como una experiencia inclinada a la singularidad. Con esta clasificaci\u00f3n condecoramos las pel\u00edculas que son demasiado ingeniosas, pintorescas o extra\u00f1as como para ser pregonadas hacia un p\u00fablico general, pero que a\u00fan as\u00ed aqu\u00ed las apreciamos y les damos un bienmerecido espacio.<\/li>\n<li>&#8220;<a title=\"Where\u2019s The\u00a0Love\" href=\"https:\/\/filmigrana.com\/criticas\/nuestro-alijo\/wheres-the-love\/\" target=\"_blank\" rel=\"noopener\">Where&#8217;s the Love<\/a>&#8220;, por el contrario, busca exaltar pel\u00edculas que se hallan injustamente inmersas en la obscuridad, y que por falta de promoci\u00f3n, cr\u00edticas o buena fe se les ha relegado a ese espacio.<\/li>\n<\/ul>\n<p>Tambi\u00e9n estamos nosotros, los <a href=\"https:\/\/filmigrana.com\/criticas\/redactores\/\">Redactores<\/a>, que peri\u00f3dicamente les traemos nuestro punto de vista sobre \u00e9ste o aquel director, las pel\u00edculas que m\u00e1s nos gustaron o las secciones que se nos antojen a\u00f1adir con el tiempo, sin que nuestra visi\u00f3n del mundo y el cine sea homog\u00e9nea o mucho menos alienada. Por otro lado, tenemos un arraigo de ninjas con m\u00e1quinas de escribir que hacen nuestra vida m\u00e1s f\u00e1cil, y sus lecturas m\u00e1s divertidas. S\u00ed, nos referimos (vagamente) a <a href=\"https:\/\/filmigrana.com\/criticas\/nuestro-alijo\/los-fortuitos\/\">Los Fortuitos<\/a> o el grupo de colaboradores que de cuando en cuando los sorprender\u00e1n con art\u00edculos frescos y talentosos.<\/p>\n<p>Tenemos una p\u00e1gina dedicada a <a href=\"https:\/\/filmigrana.com\/criticas\/enlaces\/\">enlaces de inter\u00e9s,<\/a> por si quieren seguir explorando las redes de la imagen (sin duda esperamos que vuelvan a este buen puerto pronto, tras zarpar).<\/p>\n<h2><strong>Mis ojos me arden, \u00bfD\u00f3nde o con qui\u00e9n me puedo quejar?<\/strong><\/h2>\n<p><strong>Filmigrana<\/strong> siempre est\u00e1 abierta a colaboradores, cr\u00edticas y observaciones de todo tipo; de hecho nos resulta agradable y necesaria la retroalimentaci\u00f3n. por ende, si desean contactar a la administraci\u00f3n, si\u00e9ntanse libre de escribir a <em><strong>info<\/strong><strong>@filmigrana.com<\/strong>. <\/em>Tambi\u00e9n tenemos un <a href=\"https:\/\/www.instagram.com\/filmigrana\/\">Instagram<\/a> enfocado en las b\u00fasquedas rec\u00f3nditas que traen ac\u00e1, un <a href=\"https:\/\/twitter.com\/filmigrana\">Twitter<\/a> dedicado al que pueden seguir, y <a href=\"https:\/\/www.facebook.com\/filmigrana\">una p\u00e1gina en Facebook<\/a> con un buen n\u00famero de novedades.<\/p>\n<p><em>\u00a1Disfruten del sitio!<br \/>\n<\/em><\/p>\n","protected":false},"excerpt":{"rendered":"<p>&#8230; \u00bfQu\u00e9 es esto de &#8220;Filmigrana&#8221;? Filmigrana nace como una iniciativa de dos personas que, insatisfechas de s\u00f3lo contemplar creaciones art\u00edsticas y comerciales, deciden ventilar sus ponzo\u00f1osas apreciaciones sobre ellas. As\u00ed, aparece en el panorama local un grupo de individuos detestables dispuestos a poner su opini\u00f3n sesgada y frecuentemente (pero no necesariamente a prop\u00f3sito) injustificada. &hellip; <a href=\"https:\/\/filmigrana.com\/criticas\/about\/\" class=\"more-link\">Continue reading <span class=\"screen-reader-text\">Acerca de Filmigrana<\/span> <span class=\"meta-nav\">&rarr;<\/span><\/a><\/p>\n","protected":false},"author":3,"featured_media":0,"parent":0,"menu_order":0,"comment_status":"closed","ping_status":"closed","template":"","meta":{"footnotes":""},"class_list":["post-6","page","type-page","status-publish","hentry"],"_links":{"self":[{"href":"https:\/\/filmigrana.com\/criticas\/wp-json\/wp\/v2\/pages\/6","targetHints":{"allow":["GET"]}}],"collection":[{"href":"https:\/\/filmigrana.com\/criticas\/wp-json\/wp\/v2\/pages"}],"about":[{"href":"https:\/\/filmigrana.com\/criticas\/wp-json\/wp\/v2\/types\/page"}],"author":[{"embeddable":true,"href":"https:\/\/filmigrana.com\/criticas\/wp-json\/wp\/v2\/users\/3"}],"replies":[{"embeddable":true,"href":"https:\/\/filmigrana.com\/criticas\/wp-json\/wp\/v2\/comments?post=6"}],"version-history":[{"count":2,"href":"https:\/\/filmigrana.com\/criticas\/wp-json\/wp\/v2\/pages\/6\/revisions"}],"predecessor-version":[{"id":5720,"href":"https:\/\/filmigrana.com\/criticas\/wp-json\/wp\/v2\/pages\/6\/revisions\/5720"}],"wp:attachment":[{"href":"https:\/\/filmigrana.com\/criticas\/wp-json\/wp\/v2\/media?parent=6"}],"curies":[{"name":"wp","href":"https:\/\/api.w.org\/{rel}","templated":true}]}}