{"id":2695,"date":"2014-06-11T16:29:22","date_gmt":"2014-06-11T21:29:22","guid":{"rendered":"http:\/\/filmigrana.com\/?page_id=2695"},"modified":"2022-08-27T16:54:06","modified_gmt":"2022-08-27T16:54:06","slug":"marginalia","status":"publish","type":"page","link":"https:\/\/filmigrana.com\/criticas\/marginalia\/","title":{"rendered":"Marginalia"},"content":{"rendered":"<p><img loading=\"lazy\" decoding=\"async\" class=\"wp-image-5713 size-full alignnone\" src=\"https:\/\/filmigrana.com\/criticas\/wp-content\/uploads\/2022\/08\/22Sudden-Death22-Peter-Hyams-1995.jpg\" alt=\"\" width=\"800\" height=\"628\" srcset=\"https:\/\/filmigrana.com\/criticas\/wp-content\/uploads\/2022\/08\/22Sudden-Death22-Peter-Hyams-1995.jpg 800w, https:\/\/filmigrana.com\/criticas\/wp-content\/uploads\/2022\/08\/22Sudden-Death22-Peter-Hyams-1995-300x236.jpg 300w, https:\/\/filmigrana.com\/criticas\/wp-content\/uploads\/2022\/08\/22Sudden-Death22-Peter-Hyams-1995-768x603.jpg 768w\" sizes=\"auto, (max-width: 800px) 100vw, 800px\" \/><\/p>\n<p>Las ilustraciones en los extremos de los textos iluminados son, en algunos casos, mucho m\u00e1s cautivadoras que el texto en s\u00ed.<\/p>\n<p>En la gran secci\u00f3n <strong>Marginalia\u00a0<\/strong>agrupamos todos los comentarios al pie y las notas que no tienen una luz propia en nuestros departamentos m\u00e1s importantes. Las pel\u00edculas de las que \u00fanicamente hablaremos una vez, los temas y t\u00f3picos muy abstractos como para ser tratados en una serie de art\u00edculos, o esos malestares que deben ser purgados en una \u00fanica ocasi\u00f3n, para la salud del redactor y el disfrute (o enardecimiento) de los lectores.<\/p>\n","protected":false},"excerpt":{"rendered":"<p>Las ilustraciones en los extremos de los textos iluminados son, en algunos casos, mucho m\u00e1s cautivadoras que el texto en s\u00ed. En la gran secci\u00f3n Marginalia\u00a0agrupamos todos los comentarios al pie y las notas que no tienen una luz propia en nuestros departamentos m\u00e1s importantes. Las pel\u00edculas de las que \u00fanicamente hablaremos una vez, los &hellip; <a href=\"https:\/\/filmigrana.com\/criticas\/marginalia\/\" class=\"more-link\">Continue reading <span class=\"screen-reader-text\">Marginalia<\/span> <span class=\"meta-nav\">&rarr;<\/span><\/a><\/p>\n","protected":false},"author":4,"featured_media":0,"parent":0,"menu_order":0,"comment_status":"open","ping_status":"open","template":"","meta":{"footnotes":""},"class_list":["post-2695","page","type-page","status-publish","hentry"],"_links":{"self":[{"href":"https:\/\/filmigrana.com\/criticas\/wp-json\/wp\/v2\/pages\/2695","targetHints":{"allow":["GET"]}}],"collection":[{"href":"https:\/\/filmigrana.com\/criticas\/wp-json\/wp\/v2\/pages"}],"about":[{"href":"https:\/\/filmigrana.com\/criticas\/wp-json\/wp\/v2\/types\/page"}],"author":[{"embeddable":true,"href":"https:\/\/filmigrana.com\/criticas\/wp-json\/wp\/v2\/users\/4"}],"replies":[{"embeddable":true,"href":"https:\/\/filmigrana.com\/criticas\/wp-json\/wp\/v2\/comments?post=2695"}],"version-history":[{"count":5,"href":"https:\/\/filmigrana.com\/criticas\/wp-json\/wp\/v2\/pages\/2695\/revisions"}],"predecessor-version":[{"id":5717,"href":"https:\/\/filmigrana.com\/criticas\/wp-json\/wp\/v2\/pages\/2695\/revisions\/5717"}],"wp:attachment":[{"href":"https:\/\/filmigrana.com\/criticas\/wp-json\/wp\/v2\/media?parent=2695"}],"curies":[{"name":"wp","href":"https:\/\/api.w.org\/{rel}","templated":true}]}}