{"id":2170,"date":"2012-07-06T01:44:09","date_gmt":"2012-07-06T06:44:09","guid":{"rendered":"http:\/\/filmigrana.com\/?page_id=2170"},"modified":"2022-08-28T01:32:50","modified_gmt":"2022-08-28T01:32:50","slug":"valtams-rants","status":"publish","type":"page","link":"https:\/\/filmigrana.com\/criticas\/nuestro-alijo\/valtams-rants\/","title":{"rendered":"Rants"},"content":{"rendered":"<p>&#8220;Conoc\u00ed a mi buen y talentoso amigo (y co-fundador) Valtam hace unos tres a\u00f1os. Desde ese entonces hemos franqueado y sorteado todo tipo de obst\u00e1culos, aventuras y cr\u00edmenes obscenos con la ayuda de un cierto \u00e1ngel serbio y un grupo cerrado de compinches. Ha sido, para citar al buen Rick Blaine, el comienzo de una hermosa amistad. De seguro a\u00f1os m\u00e1s de trampas y asesinatos nos esperan (y no se har\u00e1n esperar), por lo que debo sacar en este momento un as de mi manga: Nada es m\u00e1s divertido ni m\u00e1s memorable que ver a Valtam iracundo, furibundo, nauseabundo.<\/p>\n<p>Es por eso que ocasionalmente, como un paciente con Tourette&#8217;s sin diagn\u00f3sticar, el letrado, prosopop\u00e9yico y siempre elocuente (s\u00ed ocasionalmente rimbombante) <em>Valtman<\/em> irrumpe en art\u00edculos insanos y dementes quej\u00e1ndose de alg\u00fan tema general o espec\u00edfico, ya sea un patr\u00f3n de comportamiento de mercado, una tendencia enfermiza y deshonesta, alg\u00fan Luis Ospina a punto de cometer violaci\u00f3n estatutaria con una &#8220;artista&#8221; del graffiti de 15 reci\u00e9n cumplidos, o simplemente los cr\u00e9ditos iniciales de un bodrio infernal sin alma que no busca ni siquiera provocar una sonrisa purulenta en nuestros rostros. Sin m\u00e1s, espero disfruten<strong> Rants&#8221;<\/strong>.<\/p>\n<p><a href=\"https:\/\/filmigrana.com\/criticas\/2010\/11\/14\/michael-radford-1984\/\">Michael Radford: 1984 (1984, \u00a1Ja!)<\/a>\u00a0(14 de Noviembre del 2010) una etapa pintoresca en la carrera del mismo director de Il Postino (1994), con la participaci\u00f3n de John Hurt y una banda sonora memorable de Eurythmics.<\/p>\n<p><a href=\"https:\/\/filmigrana.com\/criticas\/2011\/05\/09\/ryan-murphy-eat-pray-love-2010\/\">Ryan Murphy: Eat Pray Love (2010)<\/a> (9 de Mayo del 2011) funciona como la fantas\u00eda de una post-adolescente con chamarra\u00a0de Aeropostale, en la que es posible viajar por toda Asia y Europa en lo que dicta un antojo. Julia Roberts nos cunde de problemas del primer mundo, y en general es una experiencia tediosa, aunque digna de ser le\u00edda.<\/p>\n<p><a title=\"Enlace permanente a Cuevana (y una peque\u00f1a\u00a0espina)\" href=\"https:\/\/filmigrana.com\/criticas\/2011\/07\/09\/cuevana-y-una-pequena-espina\/\" rel=\"bookmark\">Cuevana (y una peque\u00f1a\u00a0espina)<\/a> (9 de julio del 2011) en el que se discute sobre el -ya comatoso- servicio de pel\u00edculas gratuitas en linea, Cuevana, intentando hallar sus pros y contras.<\/p>\n<p><a title=\"Enlace permanente a \u201cMenos da una piedra\u201d, observando el panorama\u00a0actual\" href=\"https:\/\/filmigrana.com\/criticas\/2012\/06\/12\/menos-da-una-piedra-observando-el-panorama-actual\/\" rel=\"bookmark\">\u201cMenos da una piedra\u201d, observando el panorama\u00a0actual<\/a> (12 de junio del 2012) e intentando hallarle sentido al \u00e9xito del cine de Dar\u00edo Armando &#8220;Dagger&#8221; Garc\u00eda, con motivo del estreno reciente de Mi Gente Linda Mi Gente Bella (2012)<\/p>\n<p><a href=\"https:\/\/filmigrana.com\/criticas\/2012\/08\/16\/la-dificil-desafiante-y-deliciosa-realidad\/\" target=\"_blank\" rel=\"noopener\">La Dif\u00edcil, Desafiante y Deliciosa Realidad<\/a> (16 de agosto del 2012) es aquella que se vive en el curso de la maduraci\u00f3n de esta p\u00e1gina, en la medida que pasa de ser un noble pasatiempo a una responsabilidad y un compromiso de sus autores, siempre y cuando el suave y dulce abrazo de la pereza no los agarre desprevenidos.<\/p>\n<p><a href=\"https:\/\/filmigrana.com\/criticas\/2014\/04\/10\/el-caso-de-la-infame-coleccion-studio-ghibli\/\">El caso de la infame \u201cColecci\u00f3n Studio\u00a0Ghibli\u201d<\/a>\u00a0(10 de abril del 2014) y otros cr\u00edmenes impunes: Una compilaci\u00f3n\u00a0de argumentos\u00a0detectivescos\u00a0que buscan desentra\u00f1ar el podrido y corrupto centro l\u00edquido\u00a0del Dr. Babilla.<\/p>\n<p><a href=\"https:\/\/filmigrana.com\/criticas\/2015\/02\/26\/anastasia-steele-la-nueva-princesa-de-disney\/\">Anastasia Steele: \u00bfla nueva princesa de Disney?<\/a>\u00a0(16 de Febrero, 2012)\u00a0Paramita debate el \u00e9xito de 50 Shades of Grey desde el paradigma narrativo y cuestiona el estado del romance hollywoodense.<\/p>\n","protected":false},"excerpt":{"rendered":"<p>&#8220;Conoc\u00ed a mi buen y talentoso amigo (y co-fundador) Valtam hace unos tres a\u00f1os. Desde ese entonces hemos franqueado y sorteado todo tipo de obst\u00e1culos, aventuras y cr\u00edmenes obscenos con la ayuda de un cierto \u00e1ngel serbio y un grupo cerrado de compinches. Ha sido, para citar al buen Rick Blaine, el comienzo de una &hellip; <a href=\"https:\/\/filmigrana.com\/criticas\/nuestro-alijo\/valtams-rants\/\" class=\"more-link\">Continue reading <span class=\"screen-reader-text\">Rants<\/span> <span class=\"meta-nav\">&rarr;<\/span><\/a><\/p>\n","protected":false},"author":3,"featured_media":4960,"parent":597,"menu_order":0,"comment_status":"open","ping_status":"open","template":"","meta":{"footnotes":""},"class_list":["post-2170","page","type-page","status-publish","has-post-thumbnail","hentry"],"_links":{"self":[{"href":"https:\/\/filmigrana.com\/criticas\/wp-json\/wp\/v2\/pages\/2170","targetHints":{"allow":["GET"]}}],"collection":[{"href":"https:\/\/filmigrana.com\/criticas\/wp-json\/wp\/v2\/pages"}],"about":[{"href":"https:\/\/filmigrana.com\/criticas\/wp-json\/wp\/v2\/types\/page"}],"author":[{"embeddable":true,"href":"https:\/\/filmigrana.com\/criticas\/wp-json\/wp\/v2\/users\/3"}],"replies":[{"embeddable":true,"href":"https:\/\/filmigrana.com\/criticas\/wp-json\/wp\/v2\/comments?post=2170"}],"version-history":[{"count":3,"href":"https:\/\/filmigrana.com\/criticas\/wp-json\/wp\/v2\/pages\/2170\/revisions"}],"predecessor-version":[{"id":5831,"href":"https:\/\/filmigrana.com\/criticas\/wp-json\/wp\/v2\/pages\/2170\/revisions\/5831"}],"up":[{"embeddable":true,"href":"https:\/\/filmigrana.com\/criticas\/wp-json\/wp\/v2\/pages\/597"}],"wp:featuredmedia":[{"embeddable":true,"href":"https:\/\/filmigrana.com\/criticas\/wp-json\/wp\/v2\/media\/4960"}],"wp:attachment":[{"href":"https:\/\/filmigrana.com\/criticas\/wp-json\/wp\/v2\/media?parent=2170"}],"curies":[{"name":"wp","href":"https:\/\/api.w.org\/{rel}","templated":true}]}}