{"id":2142,"date":"2012-07-03T13:07:58","date_gmt":"2012-07-03T18:07:58","guid":{"rendered":"http:\/\/filmigrana.com\/?page_id=2142"},"modified":"2022-09-06T05:11:05","modified_gmt":"2022-09-06T05:11:05","slug":"la-alacena","status":"publish","type":"page","link":"https:\/\/filmigrana.com\/criticas\/nuestro-alijo\/la-alacena\/","title":{"rendered":"La alacena"},"content":{"rendered":"<p>Ocurre temprano en la vida de las personas, poco despu\u00e9s del desarrollo del habla y la raz\u00f3n, que empezamos a sentir afinidad por ciertas cosas, ciertas actividades y ciertas personalidades. Ciertas sensaciones. Ciertos objetos. Estos objetos en particular los cuidamos con fervorosa y, a veces, enfermiza dedicaci\u00f3n. \u201c<em>Fetish properties,<\/em>\u201d dice Rob Gordon en la extraordinaria High Fidelity (2000), \u201c<em>are not unlike porn.<\/em>\u201d Producto de esta relaci\u00f3n (culposa, afectuosa e indescriptiblemente \u00edntima) peque\u00f1as arrugas se forman en nuestro intelecto, y una vez \u00e9ste ha pasado de ser una esfera perfecta a una masa deforme y \u00fanica, hemos llegado a ser espec\u00edficos, distintos e inentendibles. Ahora, se trata de un evidente juicio superficial, aquel de definir a los individuos por sus simples gustos y preferencias, y mientras la acusaci\u00f3n es v\u00e1lida (incluso irrefutable, me dijo alguna mujer) es a partir de estos vicios y escogencias que relaciones se forman, se estrechan, se rompen o se da\u00f1an irreparablemente. Hay mucho m\u00e1s en una persona que el simple hecho de que le guste Joy Division, o Dashiell Hammett o Sam Peckinpah, es cierto. Muchas veces, sin embargo, es haber presenciado la creaci\u00f3n art\u00edstica de otras personas el evento espec\u00edfico que queda marcado de manera m\u00e1s exacta en la memoria. Nos vemos reflejados en ellas, un espejo perfecto y elocuente de acciones, situaciones, palabras y pensamientos. El objeto f\u00edsico en s\u00ed puede recibir da\u00f1o f\u00edsico. No importa: La experiencia siempre estar\u00e1 all\u00ed para recordarlo.<\/p>\n<p>\u201cLa Alacena\u201d puede sonar como un curioso nombre para este espacio, pero responde a la familiaridad y privacidad que sentimos con dichos filmes, no por ser conocedores o colaboradores de los mismos, sino por la importancia que han tenido en nuestras vidas. Son obras que han cimentado perspectivas y generaciones, y lo han hecho con muchas m\u00e1s personas que estos simplones y arrogantes snobs. Pero este espacio, por eso mismo, tratar\u00e1 de ir m\u00e1s all\u00e1 de \u201cesta pel\u00edcula es del putas\u201d o \u201cque obra maestra\u201d e intentar\u00e1, de forma honesta, emocional y con mucho esfuerzo, explicar por qu\u00e9 carajos este grupo de filmes son tan substanciales en nuestras otrora insignificantes existencias. Lo son. Y por eso, alzamos nuestra copa a ustedes.<\/p>\n<p><a href=\"https:\/\/filmigrana.com\/criticas\/2012\/09\/17\/hayao-miyazaki-mononoke-hime-1997\/\">Hayao Miyazaki: Mononoke Hime\u00a0(1997)<\/a><\/p>\n<p><a href=\"https:\/\/filmigrana.com\/criticas\/index.php\/2012\/09\/21\/mike-nichols-the-graduate-1967\/\">Mike Nichols: The Graduate\u00a0(1967)<\/a><\/p>\n<p><a href=\"https:\/\/filmigrana.com\/criticas\/index.php\/2015\/09\/10\/alexander-payne-sideways-2004\/\">Alexander Payne: Sideways (2004)<\/a><\/p>\n","protected":false},"excerpt":{"rendered":"<p>Ocurre temprano en la vida de las personas, poco despu\u00e9s del desarrollo del habla y la raz\u00f3n, que empezamos a sentir afinidad por ciertas cosas, ciertas actividades y ciertas personalidades. Ciertas sensaciones. Ciertos objetos. Estos objetos en particular los cuidamos con fervorosa y, a veces, enfermiza dedicaci\u00f3n. \u201cFetish properties,\u201d dice Rob Gordon en la extraordinaria &hellip; <a href=\"https:\/\/filmigrana.com\/criticas\/nuestro-alijo\/la-alacena\/\" class=\"more-link\">Continue reading <span class=\"screen-reader-text\">La alacena<\/span> <span class=\"meta-nav\">&rarr;<\/span><\/a><\/p>\n","protected":false},"author":5,"featured_media":4762,"parent":597,"menu_order":0,"comment_status":"open","ping_status":"closed","template":"","meta":{"footnotes":""},"class_list":["post-2142","page","type-page","status-publish","has-post-thumbnail","hentry"],"_links":{"self":[{"href":"https:\/\/filmigrana.com\/criticas\/wp-json\/wp\/v2\/pages\/2142","targetHints":{"allow":["GET"]}}],"collection":[{"href":"https:\/\/filmigrana.com\/criticas\/wp-json\/wp\/v2\/pages"}],"about":[{"href":"https:\/\/filmigrana.com\/criticas\/wp-json\/wp\/v2\/types\/page"}],"author":[{"embeddable":true,"href":"https:\/\/filmigrana.com\/criticas\/wp-json\/wp\/v2\/users\/5"}],"replies":[{"embeddable":true,"href":"https:\/\/filmigrana.com\/criticas\/wp-json\/wp\/v2\/comments?post=2142"}],"version-history":[{"count":3,"href":"https:\/\/filmigrana.com\/criticas\/wp-json\/wp\/v2\/pages\/2142\/revisions"}],"predecessor-version":[{"id":6065,"href":"https:\/\/filmigrana.com\/criticas\/wp-json\/wp\/v2\/pages\/2142\/revisions\/6065"}],"up":[{"embeddable":true,"href":"https:\/\/filmigrana.com\/criticas\/wp-json\/wp\/v2\/pages\/597"}],"wp:featuredmedia":[{"embeddable":true,"href":"https:\/\/filmigrana.com\/criticas\/wp-json\/wp\/v2\/media\/4762"}],"wp:attachment":[{"href":"https:\/\/filmigrana.com\/criticas\/wp-json\/wp\/v2\/media?parent=2142"}],"curies":[{"name":"wp","href":"https:\/\/api.w.org\/{rel}","templated":true}]}}