{"id":2044,"date":"2012-05-08T01:51:53","date_gmt":"2012-05-08T06:51:53","guid":{"rendered":"http:\/\/filmigrana.com\/?page_id=2044"},"modified":"2022-08-27T17:59:37","modified_gmt":"2022-08-27T17:59:37","slug":"errol-morris","status":"publish","type":"page","link":"https:\/\/filmigrana.com\/criticas\/nuestro-alijo\/clases-magistrales\/errol-morris\/","title":{"rendered":"Errol Morris"},"content":{"rendered":"<p><img loading=\"lazy\" decoding=\"async\" class=\"alignnone wp-image-4348 size-full\" src=\"http:\/\/filmigrana.com\/critica\/wp-content\/uploads\/2018\/10\/ErrolMorris1.jpg\" alt=\"\" width=\"711\" height=\"720\" srcset=\"https:\/\/filmigrana.com\/criticas\/wp-content\/uploads\/2018\/10\/ErrolMorris1.jpg 711w, https:\/\/filmigrana.com\/criticas\/wp-content\/uploads\/2018\/10\/ErrolMorris1-296x300.jpg 296w\" sizes=\"auto, (max-width: 711px) 100vw, 711px\" \/><\/p>\n<p>Para cerrar con esta serie sobre la filmograf\u00eda de Errol Morris, he decidido hacer algo poco original \u2028pero que siempre he considerado efectivo: un listado.<\/p>\n<p>Criticar este tipo de listados es entendible, las razones son varias y los motivos v\u00e1lidos; yo los \u2028adoro, me han parecido siempre una buena manera de entrar a estudiar alg\u00fan tema que en el \u2028momento me inquiete pero sobre el cual no tenga idea; y si bien pueden ver las pel\u00edculas en orden\u2028 cronol\u00f3gico o tal como las vayan encontrando en el camino, no sobra de ning\u00fan modo que sepan\u2028 la opini\u00f3n de alguien m\u00e1s, as\u00ed sea para desecharla.<\/p>\n<p>Esperando ayudarlos en su indecisi\u00f3n sobre cu\u00e1l pel\u00edcula de Errol Morris ver en este momento, y\u2028 asumiendo que tal vez los art\u00edculos no dejaron \u00e9sta (mi) posici\u00f3n clara, presento a continuaci\u00f3n mi\u2028 top personal de sus pel\u00edculas.<\/p>\n<p><em><strong>TOP 3<\/strong><\/em><\/p>\n<p>1) \u201cFast, Cheap and Out of Control\u201d: Su gran obra maestra, con cuatro personajes que poco \u2028tienen que ver entre s\u00ed, pero que unidos con el genio de Morris resultan protagonizando una enigm\u00e1tica pel\u00edcula que rompe los l\u00edmites del documental, del ensayo y de la ficci\u00f3n,\u2028 para resultar en una especie de poes\u00eda ante todo cinematogr\u00e1fica.<\/p>\n<p>2) \u201cGates of Heaven\u201d: Minimalista y sencilla, su primera pel\u00edcula presenta al mundo\u2028 el talento de Morris y es en realidad una de sus mejores (la mejor para muchos). Gira\u2028 alrededor de un cementerio de mascotas en declive, pero su premisa aparentemente\u2028 amarillista no le impide lograr un poderoso retrato sobre la condici\u00f3n humana.<\/p>\n<p>3) \u201cThe Thin Blue Line\u201d: Con algunos toques estil\u00edsticos que le acercan al cine m\u00e1s comercial,\u2028 Morris cubre algunos temas de inter\u00e9s m\u00e1s general y prueba ser tambi\u00e9n un maestro\u2028 en este campo, ayudando inclusive a la liberaci\u00f3n de un preso inocente. Puede ser el mejor punto de inicio para apreciar su filmograf\u00eda.<\/p>\n<p><strong><em>SIN ORDEN PARTICULAR<\/em><\/strong><\/p>\n<p>\u201cMr Death: The Rise and Fall of Fred A. Leuchter, Jr.\u201d, \u2028\u201cThe Fog of War\u201d, \u2028\u201cStandard Operating Procedure\u201d, \u201cTabloid\u201d, \u201cVernon, Florida\u201d, \u2028\u201cA Brief History Of Time\u201d.<\/p>\n<p><strong><em>PARA DISFRUTE ADICIONAL<\/em><\/strong><\/p>\n<p>\u201cThe Dark Wind\u201d: Su primera, y hasta ahora \u00fanica, pel\u00edcula de ficci\u00f3n.<\/p>\n<p>\u201cFirst Person\u201d: Serie de televisi\u00f3n muy recomendada, pero que por no ser estrictamente \u2018cine\u2019, no se estudi\u00f3 en Filmigrana.*<\/p>\n<p><strong><em>BONUS TRACK<\/em><\/strong><\/p>\n<p>S\u00e9 que poco se habl\u00f3 de Morris como persona, de sus gustos, o de su vida en \u2028general, pero considero que esto se puede averiguar f\u00e1cilmente en internet (aunque no todo est\u00e1 en\u2028 espa\u00f1ol, la informaci\u00f3n b\u00e1sica s\u00ed, y eso ser\u00eda en gran medida lo que yo podr\u00eda transmitir por ac\u00e1,\u2028 para considerar la traducci\u00f3n de informaci\u00f3n especializada mi deber moral), y ciertamente\u2028 creo que los lectores no leen rese\u00f1as para buscar datos sino para buscar opiniones. Sin embargo,\u2028y con motivo de la cinefilia, comparto a continuaci\u00f3n la lista de pel\u00edculas favoritas de Errol Morris.<\/p>\n<p>1) \u201cMake Way for Tomorrow\u201d de Leo McCarey<\/p>\n<p>2) \u201cThe Life and Death of Colonel Blimp\u201d de Michael Powell y Emeric Pressburger.<\/p>\n<p>3) \u201cDr. Strangelove or How I Learned to Stop Worrying and Love the Bomb\u201d de Stanley Kubrick.<\/p>\n<p>4) \u201cThe Good, the Bad and the Ugly\u201d de Sergio Leone.<\/p>\n<p>5)\u00a0<a href=\"http:\/\/www.youtube.com\/watch?v=5hfYJsQAhl0\">\u201cBilly Madison\u201d<\/a>\u00a0de Tamra Davis.<\/p>\n<p><img loading=\"lazy\" decoding=\"async\" class=\"alignnone wp-image-4349 size-full\" src=\"http:\/\/filmigrana.com\/critica\/wp-content\/uploads\/2018\/10\/ErrolMorris2.jpg\" alt=\"\" width=\"3000\" height=\"2000\" srcset=\"https:\/\/filmigrana.com\/criticas\/wp-content\/uploads\/2018\/10\/ErrolMorris2.jpg 3000w, https:\/\/filmigrana.com\/criticas\/wp-content\/uploads\/2018\/10\/ErrolMorris2-300x200.jpg 300w, https:\/\/filmigrana.com\/criticas\/wp-content\/uploads\/2018\/10\/ErrolMorris2-768x512.jpg 768w, https:\/\/filmigrana.com\/criticas\/wp-content\/uploads\/2018\/10\/ErrolMorris2-1024x683.jpg 1024w\" sizes=\"auto, (max-width: 3000px) 100vw, 3000px\" \/><\/p>\n<p><strong><em>FILMOGRAF\u00cdA (y art\u00edculos disponibles en esta misma p\u00e1gina)<\/em><\/strong><\/p>\n<p>&#8211;\u00a0<a href=\"https:\/\/filmigrana.com\/criticas\/index.php\/2010\/08\/22\/errol-morris-gates-of-heaven-1978\/\">Gates of Heaven (1978)<\/a><\/p>\n<p>&#8211;\u00a0<a href=\"https:\/\/filmigrana.com\/criticas\/index.php\/2010\/09\/02\/errol-morris-vernon-florida-1981\/\">Vernon, Florida (1981)<\/a><\/p>\n<p>&#8211;\u00a0<a href=\"https:\/\/filmigrana.com\/criticas\/index.php\/2010\/09\/12\/errol-morris-the-thin-blue-line-1988\/\">The Thin Blue Line (1988)<\/a><\/p>\n<p>&#8211;\u00a0<a href=\"https:\/\/filmigrana.com\/criticas\/index.php\/2010\/09\/25\/errol-morris-the-dark-wind-1991\/\">The Dark Wind (1991)<\/a><\/p>\n<p>&#8211;\u00a0<a href=\"https:\/\/filmigrana.com\/criticas\/index.php\/2010\/10\/17\/errol-morris-a-brief-history-of-time\/\">A Brief History Of Time (1991)<\/a><\/p>\n<p>&#8211;\u00a0<a href=\"https:\/\/filmigrana.com\/criticas\/index.php\/2010\/12\/07\/errol-morris-fast-cheap-and-out-of-control-1997\/\">Fast, Cheap And Out Of Control (1997)<\/a><\/p>\n<p>&#8211;\u00a0<a href=\"https:\/\/filmigrana.com\/criticas\/index.php\/2011\/03\/08\/errol-morris-mr-death-the-rise-and-fall-of-fred-a-leuchter-jr-1999\/\">Mr. Death: The Rise And Fall Of Fred A. Leuchter, Jr. (1999)<\/a><\/p>\n<p>&#8211;\u00a0<a href=\"https:\/\/filmigrana.com\/criticas\/index.php\/2011\/10\/12\/errol-morris-fog-of-war-2003-standard-operating-procedure-2008\/\">The Fog Of War (2003) \/ Standard Operating Procedure (2008)<\/a><\/p>\n<p>&#8211; <a href=\"https:\/\/filmigrana.com\/criticas\/index.php\/2012\/02\/20\/errol-morris-tabloid-2010\/\">Tabloid (2010)<\/a><\/p>\n<p>__________<\/p>\n<p>*<em>Nota Editorial<\/em>: Esto es falso.<\/p>\n","protected":false},"excerpt":{"rendered":"<p>Para cerrar con esta serie sobre la filmograf\u00eda de Errol Morris, he decidido hacer algo poco original \u2028pero que siempre he considerado efectivo: un listado. Criticar este tipo de listados es entendible, las razones son varias y los motivos v\u00e1lidos; yo los \u2028adoro, me han parecido siempre una buena manera de entrar a estudiar alg\u00fan &hellip; <a href=\"https:\/\/filmigrana.com\/criticas\/nuestro-alijo\/clases-magistrales\/errol-morris\/\" class=\"more-link\">Continue reading <span class=\"screen-reader-text\">Errol Morris<\/span> <span class=\"meta-nav\">&rarr;<\/span><\/a><\/p>\n","protected":false},"author":2,"featured_media":0,"parent":380,"menu_order":0,"comment_status":"closed","ping_status":"closed","template":"","meta":{"footnotes":""},"class_list":["post-2044","page","type-page","status-publish","hentry"],"_links":{"self":[{"href":"https:\/\/filmigrana.com\/criticas\/wp-json\/wp\/v2\/pages\/2044","targetHints":{"allow":["GET"]}}],"collection":[{"href":"https:\/\/filmigrana.com\/criticas\/wp-json\/wp\/v2\/pages"}],"about":[{"href":"https:\/\/filmigrana.com\/criticas\/wp-json\/wp\/v2\/types\/page"}],"author":[{"embeddable":true,"href":"https:\/\/filmigrana.com\/criticas\/wp-json\/wp\/v2\/users\/2"}],"replies":[{"embeddable":true,"href":"https:\/\/filmigrana.com\/criticas\/wp-json\/wp\/v2\/comments?post=2044"}],"version-history":[{"count":5,"href":"https:\/\/filmigrana.com\/criticas\/wp-json\/wp\/v2\/pages\/2044\/revisions"}],"predecessor-version":[{"id":5736,"href":"https:\/\/filmigrana.com\/criticas\/wp-json\/wp\/v2\/pages\/2044\/revisions\/5736"}],"up":[{"embeddable":true,"href":"https:\/\/filmigrana.com\/criticas\/wp-json\/wp\/v2\/pages\/380"}],"wp:attachment":[{"href":"https:\/\/filmigrana.com\/criticas\/wp-json\/wp\/v2\/media?parent=2044"}],"curies":[{"name":"wp","href":"https:\/\/api.w.org\/{rel}","templated":true}]}}