{"id":199,"date":"2010-09-26T12:41:18","date_gmt":"2010-09-26T17:41:18","guid":{"rendered":"http:\/\/filmigrana.wordpress.com\/"},"modified":"2022-08-27T16:34:15","modified_gmt":"2022-08-27T16:34:15","slug":"redactores","status":"publish","type":"page","link":"https:\/\/filmigrana.com\/criticas\/redactores\/","title":{"rendered":"Redactores"},"content":{"rendered":"<p><img loading=\"lazy\" decoding=\"async\" class=\"alignnone wp-image-4962 size-large\" src=\"http:\/\/filmigrana.com\/critica\/wp-content\/uploads\/2018\/10\/Deadline-Azzopardi-581x1024.jpg\" alt=\"\" width=\"474\" height=\"835\" srcset=\"https:\/\/filmigrana.com\/criticas\/wp-content\/uploads\/2018\/10\/Deadline-Azzopardi-581x1024.jpg 581w, https:\/\/filmigrana.com\/criticas\/wp-content\/uploads\/2018\/10\/Deadline-Azzopardi-170x300.jpg 170w, https:\/\/filmigrana.com\/criticas\/wp-content\/uploads\/2018\/10\/Deadline-Azzopardi-768x1354.jpg 768w, https:\/\/filmigrana.com\/criticas\/wp-content\/uploads\/2018\/10\/Deadline-Azzopardi.jpg 1256w\" sizes=\"auto, (max-width: 474px) 100vw, 474px\" \/><\/p>\n<p>Aqu\u00ed pueden encontrar los v\u00ednculos directos a lo que mejor representa a cada redactor de <strong>Filmigrana<\/strong>: sus art\u00edculos.<\/p>\n<p><a href=\"https:\/\/filmigrana.com\/criticas\/index.php\/author\/valtam\/\" target=\"_blank\" rel=\"noopener\">Valtam<\/a>: escritor y <a href=\"https:\/\/www.patreon.com\/valtam\">dibujante<\/a> inconstante, con una admiraci\u00f3n por los directores fuertemente involucrados en el arte de sus pel\u00edculas (Erich von Stroheim, Clive Barker, Luchino Visconti, Akira Kurosawa), por lo que manifiesta una debilidad por las pel\u00edculas de \u00e9poca y la ciencia ficci\u00f3n; de esto \u00faltimo se deduce que se considera a s\u00ed mismo como un robot ensamblado en el medioevo. Le tiene aversi\u00f3n a la Alta Fantas\u00eda post-2001 y cree firmemente que Miguel de Cervantes era un pirata de altamar.<\/p>\n<p><a href=\"https:\/\/filmigrana.com\/criticas\/index.php\/author\/dustnation\/\">dustnation<\/a>: Padece de un particular cari\u00f1o por el g\u00e9nero del Horror (con inclinaciones hacia el B y las canecas), y entre sus realizadores predilectos\u00a0est\u00e1n David Cronenberg, Michelangelo Antonioni, Sam Peckinpah, Brian De Palma y William Friedkin.\u00a0Sigue fervientemente a los Red Sox y a los Celtics.<\/p>\n<p><a href=\"https:\/\/filmigrana.com\/criticas\/index.php\/author\/paramita\/\">paramita<\/a>: altivo y presumido. [&#8230;] Ten\u00eda un par de gallinas.<\/p>\n<p><a href=\"https:\/\/filmigrana.com\/criticas\/index.php\/author\/demuto\/\">demuto<\/a><\/p>\n<p><a href=\"https:\/\/filmigrana.com\/criticas\/index.php\/author\/samuelmorel\/\">samuelmorel<\/a><\/p>\n<p><a href=\"https:\/\/filmigrana.com\/criticas\/index.php\/author\/k0walsky\/\">kowalski<\/a><\/p>\n<p><a href=\"https:\/\/filmigrana.com\/criticas\/index.php\/author\/la-liebre-de-marzo\/\">La Liebre de Marzo<\/a><\/p>\n<p><a href=\"https:\/\/filmigrana.com\/criticas\/index.php\/author\/bienmal\/\">bien&amp;mal<\/a><\/p>\n<p><a style=\"line-height: 1.5;\" href=\"https:\/\/filmigrana.com\/criticas\/index.php\/author\/jnmglvdl\/\">JNMGLVDL<\/a><\/p>\n<p><a href=\"https:\/\/filmigrana.com\/criticas\/index.php\/author\/sabastianhinestrosa\/\">sabastianhinestrosa<\/a><\/p>\n<p><a href=\"https:\/\/filmigrana.com\/criticas\/index.php\/author\/filthysnobs\/\">filthysnobs<\/a> (Fortuitos varios)<\/p>\n<p>____________________________________________<\/p>\n<p>\u00bfLe gustar\u00eda ser un redactor de <strong>Filmigrana<\/strong>, carecer de rostro para hacer cr\u00edticas ponzo\u00f1osas y ser se\u00f1alado en la calle por aquellas personas que sol\u00edan reconocerlo? No es m\u00e1s sino que escriba a\u00a0<em>info@filmigrana.com<\/em>\u00a0habl\u00e1ndonos un poco de sus aficiones y destrezas, y a continuaci\u00f3n le estaremos respondiendo para comunicarle nuestra impresi\u00f3n.<\/p>\n","protected":false},"excerpt":{"rendered":"<p>Aqu\u00ed pueden encontrar los v\u00ednculos directos a lo que mejor representa a cada redactor de Filmigrana: sus art\u00edculos. Valtam: escritor y dibujante inconstante, con una admiraci\u00f3n por los directores fuertemente involucrados en el arte de sus pel\u00edculas (Erich von Stroheim, Clive Barker, Luchino Visconti, Akira Kurosawa), por lo que manifiesta una debilidad por las pel\u00edculas &hellip; <a href=\"https:\/\/filmigrana.com\/criticas\/redactores\/\" class=\"more-link\">Continue reading <span class=\"screen-reader-text\">Redactores<\/span> <span class=\"meta-nav\">&rarr;<\/span><\/a><\/p>\n","protected":false},"author":3,"featured_media":0,"parent":0,"menu_order":2,"comment_status":"closed","ping_status":"closed","template":"","meta":{"footnotes":""},"class_list":["post-199","page","type-page","status-publish","hentry"],"_links":{"self":[{"href":"https:\/\/filmigrana.com\/criticas\/wp-json\/wp\/v2\/pages\/199","targetHints":{"allow":["GET"]}}],"collection":[{"href":"https:\/\/filmigrana.com\/criticas\/wp-json\/wp\/v2\/pages"}],"about":[{"href":"https:\/\/filmigrana.com\/criticas\/wp-json\/wp\/v2\/types\/page"}],"author":[{"embeddable":true,"href":"https:\/\/filmigrana.com\/criticas\/wp-json\/wp\/v2\/users\/3"}],"replies":[{"embeddable":true,"href":"https:\/\/filmigrana.com\/criticas\/wp-json\/wp\/v2\/comments?post=199"}],"version-history":[{"count":9,"href":"https:\/\/filmigrana.com\/criticas\/wp-json\/wp\/v2\/pages\/199\/revisions"}],"predecessor-version":[{"id":5707,"href":"https:\/\/filmigrana.com\/criticas\/wp-json\/wp\/v2\/pages\/199\/revisions\/5707"}],"wp:attachment":[{"href":"https:\/\/filmigrana.com\/criticas\/wp-json\/wp\/v2\/media?parent=199"}],"curies":[{"name":"wp","href":"https:\/\/api.w.org\/{rel}","templated":true}]}}