{"id":1467,"date":"2011-12-18T23:23:53","date_gmt":"2011-12-19T04:23:53","guid":{"rendered":"http:\/\/filmigrana.com\/?page_id=1467"},"modified":"2022-08-30T04:12:33","modified_gmt":"2022-08-30T04:12:33","slug":"impresiones-de-cine-colombiano","status":"publish","type":"page","link":"https:\/\/filmigrana.com\/criticas\/nuestro-alijo\/impresiones-de-cine-colombiano\/","title":{"rendered":"Impresiones De Cine Colombiano"},"content":{"rendered":"<p>Ac\u00e1 en\u00a0<strong>Filmigrana <\/strong>creemos fundamental mirar en el espejo de la realidad cinematogr\u00e1fica nacional de cuando en cuando, sin necesidad de hacer odiosas comparaciones con lo que viene de afuera y con la perspectiva fr\u00eda y l\u00f3gica de un Depredador en Depredador 2. Busquen aqu\u00ed desde estrenos de 25 de diciembre, hasta documentales de Gabriela Samper, pasando por Aljure, Pinilla, Gaviria y quien se cruce en nuestro camino. \u00a1ETHNOCIDIO AHORA!<\/p>\n<p><a href=\"https:\/\/filmigrana.com\/criticas\/2011\/12\/10\/colbert-garcia-silencio-en-el-paraiso-2011\/\">Colbert Garc\u00eda: Silencio En El Paraiso (2011)<\/a><\/p>\n<p><a href=\"https:\/\/filmigrana.com\/criticas\/2011\/12\/28\/mario-ribero-mama-tomate-la-sopa-2011\/#comments\">Mario Ribero: Mam\u00e1 T\u00f3mate La Sopa (2011)<\/a><\/p>\n<p><a href=\"https:\/\/filmigrana.com\/criticas\/2012\/01\/10\/felipe-dothee-el-escritor-de-telenovelas-2011\/\">Felipe Dothe\u00e9: El Escritor De Telenovelas (2011)<\/a><\/p>\n<p><a href=\"https:\/\/filmigrana.com\/criticas\/index.php\/2012\/02\/10\/andy-baiz-la-cara-oculta-2012\/\">Andy Baiz: La Cara Oculta (2012)<\/a><\/p>\n<p><a href=\"https:\/\/filmigrana.com\/criticas\/2012\/03\/11\/alejandro-landes-porfirio-2011\/\">Alejandro Landes: Porfirio\u00a0(2011)<\/a><\/p>\n<p><a title=\"Enlace permanente a Harold Trompetero: Mi Gente Linda Mi Gente Bella\u00a0(2012)\" href=\"https:\/\/filmigrana.com\/criticas\/2012\/06\/29\/harold-trompetero-mi-gente-linda-mi-gente-bella-2012\/\" rel=\"bookmark\">Harold Trompetero: Mi Gente Linda Mi Gente Bella\u00a0(2012)<\/a><\/p>\n<p><a href=\"https:\/\/filmigrana.com\/criticas\/2013\/08\/22\/geraldo-herrero-crimen-con-vista-al-mar-2013\/\">Gerardo Herrero: Crimen con Vista al Mar\u00a0(2013)<\/a><\/p>\n<p><a href=\"https:\/\/filmigrana.com\/criticas\/2014\/11\/18\/juan-camilo-pinzon-carta-al-nino-dios-2014\/\">Juan Camilo Pinz\u00f3n: Carta al Ni\u00f1o Dios (2014)<\/a><\/p>\n<p><a href=\"https:\/\/filmigrana.com\/criticas\/2014\/12\/29\/juan-camilo-pinzon-uno-al-ano-no-hace-dano-2014\/\">Juan Camilo Pinz\u00f3n: Uno al A\u00f1o no Hace Da\u00f1o (2014)<\/a><\/p>\n<p><a href=\"https:\/\/filmigrana.com\/criticas\/2015\/01\/21\/fernando-ayllon-se-nos-armo-la-gorda-2015\/\">Fernando Ayll\u00f3n: Se nos Arm\u00f3 la Gorda (2015)<\/a><\/p>\n<p><a href=\"https:\/\/filmigrana.com\/criticas\/2015\/08\/03\/jaime-escallon-buraglia-el-cartel-de-la-papa-2015\/\">Jaime Escall\u00f3n Buraglia: El Cartel de la Papa (2015)<\/a><\/p>\n<p><a href=\"https:\/\/filmigrana.com\/criticas\/2015\/09\/30\/mike-slee-colombia-magia-salvaje-2015\/\">Mike Slee: Colombia Magia Salvaje (2015)<\/a><\/p>\n<p><a href=\"https:\/\/filmigrana.com\/criticas\/2015\/10\/17\/ciro-guerra-el-abrazo-de-la-serpiente-2015\/\">Ciro Guerra: El Abrazo de la Serpiente (2015)<\/a><\/p>\n<p><a href=\"https:\/\/filmigrana.com\/criticas\/2017\/07\/17\/viviana-gomez-echeverry-keyla-2017\/\">Viviana G\u00f3mez Echeverry: Keyla (2017)<\/a><\/p>\n<p><strong>Compilaciones y ensayos<\/strong><\/p>\n<p>El Western en Colombia, <a href=\"https:\/\/filmigrana.com\/criticas\/index.php\/2012\/02\/02\/el-western-en-colombia-parte-i\/\">Parte I<\/a>, <a href=\"https:\/\/filmigrana.com\/criticas\/index.php\/2012\/02\/09\/el-western-en-colombia-parte-ii\/\">Parte II<\/a><\/p>\n<p><a href=\"https:\/\/filmigrana.com\/criticas\/index.php\/2014\/09\/07\/suenan-en-colombia-con-ovejas-electricas-la-ciencia-ficcion-cf-en-el-cine-colombiano\/\">\u00bfSue\u00f1an en Colombia con ovejas el\u00e9ctricas? \/\/ La Ciencia Ficci\u00f3n en el cine Colombiano<\/a><\/p>\n<p>Dago Garc\u00eda: una retrospectiva, <a href=\"https:\/\/filmigrana.com\/criticas\/index.php\/2012\/06\/19\/dago-garcia-una-retrospectiva-parte-i\/\" target=\"_blank\" rel=\"noopener\">Parte I<\/a>, <a href=\"https:\/\/filmigrana.com\/criticas\/index.php\/2012\/06\/20\/dago-garcia-una-retrospectiva-parte-ii\/\" target=\"_blank\" rel=\"noopener\">Parte II<\/a>, <a href=\"https:\/\/filmigrana.com\/criticas\/index.php\/2012\/06\/21\/dago-garcia-una-retrospectiva-parte-iii\/\" target=\"_blank\" rel=\"noopener\">Parte III<\/a><\/p>\n<p><a href=\"http:\/\/filmigrana.com\/2014\/07\/27\/la-obra-de-diego-garcia-moreno-y-la-definicion-de-una-identidad-colombiana\/\">La obra de Diego Garc\u00eda-Moreno y la definici\u00f3n de una identidad colombiana<\/a><\/p>\n<p><a href=\"https:\/\/filmigrana.com\/criticas\/index.php\/2012\/12\/27\/reflexion-sobre-el-cine-colombiano-y-la-violencia-jose-maria-arzuaga-y-la-violencia-emocional\/\">Reflexi\u00f3n sobre el Cine Colombiano y la Violencia: Jos\u00e9 Mar\u00eda Arzuaga y la Violencia\u00a0Emocional<\/a><\/p>\n<p><a href=\"https:\/\/filmigrana.com\/criticas\/index.php\/2013\/01\/07\/reflexion-sobre-el-cine-silente-colombiano\/\">Reflexi\u00f3n sobre el Cine Silente Colombiano<\/a> y <a href=\"https:\/\/filmigrana.com\/criticas\/2014\/04\/03\/la-moral-como-cauce-del-cine-colombiano-silente\/\">La moral como cauce del Cine Colombiano\u00a0Silente<\/a><\/p>\n","protected":false},"excerpt":{"rendered":"<p>Ac\u00e1 en\u00a0Filmigrana creemos fundamental mirar en el espejo de la realidad cinematogr\u00e1fica nacional de cuando en cuando, sin necesidad de hacer odiosas comparaciones con lo que viene de afuera y con la perspectiva fr\u00eda y l\u00f3gica de un Depredador en Depredador 2. Busquen aqu\u00ed desde estrenos de 25 de diciembre, hasta documentales de Gabriela Samper, &hellip; <a href=\"https:\/\/filmigrana.com\/criticas\/nuestro-alijo\/impresiones-de-cine-colombiano\/\" class=\"more-link\">Continue reading <span class=\"screen-reader-text\">Impresiones De Cine Colombiano<\/span> <span class=\"meta-nav\">&rarr;<\/span><\/a><\/p>\n","protected":false},"author":5,"featured_media":4536,"parent":597,"menu_order":0,"comment_status":"closed","ping_status":"closed","template":"","meta":{"footnotes":""},"class_list":["post-1467","page","type-page","status-publish","has-post-thumbnail","hentry"],"_links":{"self":[{"href":"https:\/\/filmigrana.com\/criticas\/wp-json\/wp\/v2\/pages\/1467","targetHints":{"allow":["GET"]}}],"collection":[{"href":"https:\/\/filmigrana.com\/criticas\/wp-json\/wp\/v2\/pages"}],"about":[{"href":"https:\/\/filmigrana.com\/criticas\/wp-json\/wp\/v2\/types\/page"}],"author":[{"embeddable":true,"href":"https:\/\/filmigrana.com\/criticas\/wp-json\/wp\/v2\/users\/5"}],"replies":[{"embeddable":true,"href":"https:\/\/filmigrana.com\/criticas\/wp-json\/wp\/v2\/comments?post=1467"}],"version-history":[{"count":9,"href":"https:\/\/filmigrana.com\/criticas\/wp-json\/wp\/v2\/pages\/1467\/revisions"}],"predecessor-version":[{"id":6051,"href":"https:\/\/filmigrana.com\/criticas\/wp-json\/wp\/v2\/pages\/1467\/revisions\/6051"}],"up":[{"embeddable":true,"href":"https:\/\/filmigrana.com\/criticas\/wp-json\/wp\/v2\/pages\/597"}],"wp:featuredmedia":[{"embeddable":true,"href":"https:\/\/filmigrana.com\/criticas\/wp-json\/wp\/v2\/media\/4536"}],"wp:attachment":[{"href":"https:\/\/filmigrana.com\/criticas\/wp-json\/wp\/v2\/media?parent=1467"}],"curies":[{"name":"wp","href":"https:\/\/api.w.org\/{rel}","templated":true}]}}