{"id":117,"date":"2010-09-10T00:49:18","date_gmt":"2010-09-10T05:49:18","guid":{"rendered":"http:\/\/filmigrana.wordpress.com\/"},"modified":"2022-08-18T18:49:35","modified_gmt":"2022-08-18T18:49:35","slug":"enlaces","status":"publish","type":"page","link":"https:\/\/filmigrana.com\/criticas\/enlaces\/","title":{"rendered":"Enlaces"},"content":{"rendered":"<p><strong>Filmigrana<\/strong> no es un producto exclusivo de la enferma imaginaci\u00f3n de sus redactores; tenemos nuestras fuentes y, en el mejor de los casos, investigamos un poco acerca de aquello que queremos ver, leer o escuchar.<\/p>\n<p><img loading=\"lazy\" decoding=\"async\" class=\"alignnone size-large wp-image-4971\" src=\"http:\/\/filmigrana.com\/critica\/wp-content\/uploads\/2018\/10\/The-Devils-Gift-Berton-669x1024.jpg\" alt=\"\" width=\"474\" height=\"726\" srcset=\"https:\/\/filmigrana.com\/criticas\/wp-content\/uploads\/2018\/10\/The-Devils-Gift-Berton-669x1024.jpg 669w, https:\/\/filmigrana.com\/criticas\/wp-content\/uploads\/2018\/10\/The-Devils-Gift-Berton-196x300.jpg 196w, https:\/\/filmigrana.com\/criticas\/wp-content\/uploads\/2018\/10\/The-Devils-Gift-Berton-768x1176.jpg 768w, https:\/\/filmigrana.com\/criticas\/wp-content\/uploads\/2018\/10\/The-Devils-Gift-Berton.jpg 1045w\" sizes=\"auto, (max-width: 474px) 100vw, 474px\" \/><\/p>\n<p>Por eso, presentamos a nuestros lectores un listado de sitios a los que podr\u00edan remitirse para ampliar el disfrute de nuestro sitio y de la cultura en general. Recordamos que todos estos sitios, salvo que se especifique lo contrario, se encuentran en el idioma ingl\u00e9s, por lo que es una buena excusa para desempolvar ese Larousse e irse familiarizando con la lengua, si no se encuentra en forma para leerlos. Estos son, en orden alfab\u00e9tico:<\/p>\n<p><a href=\"https:\/\/www.arrowfilms.co.uk\">Arrow Films<\/a> es una editora brit\u00e1nica de DVD y BluRay de \u00f3ptima calidad y cuya suntuosa selecci\u00f3n incluye desde giallos de Dario Argento y Lucio Fulci hasta el erotismo literalmente peludo de Tinto Brass.<\/p>\n<p><a href=\"https:\/\/www.bay12games.com\">Bay12Games<\/a> es el sitio Web del gran Tarn Adams, creador de aquella obra maestra de los videojuegos sin precedentes llamada Dwarf Fortress, y donde est\u00e1n accesibles todos sus juegos (incluyendo DF, cuya curva de aprendizaje es notoriamente alta, pero que una vez superada otorga placeres previamente inconcebibles) de forma gratuita y para varias plataformas.<\/p>\n<p>Dedic\u00e1ndose a un g\u00e9nero \u00fanico del cine, la Pornograf\u00eda, esta peque\u00f1a joya del internet se dedica a recopilar los tableros y su exactitud\u00a0acad\u00e9mica en los fantas\u00edas\u00a0fetichistas que involucran educadores y sus pupilos. Damas y Caballeros, <a href=\"https:\/\/blackboardsinporn.blogspot.com.co\">Blackboards In Porn<\/a> (<strong>RIP<\/strong>).<\/p>\n<p><a href=\"https:\/\/www.cinecutre.com\/\">Cinecutre<\/a>\u00a0en espa\u00f1ol es, sin mayores rodeos, una revisi\u00f3n sin entra\u00f1as ni remordimientos al universo de las pel\u00edculas especialmente flojas y risibles, algunas con intenci\u00f3n de tomarse a s\u00ed mismas en serio y otras que no. La finalidad del sitio es advertir de no cruzarse con semejantes bodrios divertir al espectador y ense\u00f1arle que hay un universo sin Truffauts, sin Bu\u00f1ueles ni Griffiths, en el que unicamente reina la cutrez.<\/p>\n<p><a href=\"https:\/\/www.classiccat.net\/\">Classic Cat<\/a>\u00a0se gana el afecto inmediato e irrefutable de todas las personas que gozen de la m\u00fasica com\u00fanmente llamada &#8216;cl\u00e1sica&#8217;. Una masiva base de datos, copiosamente catalogada por compositores, int\u00e9rpretes, \u00e9pocas y sitios, que van desde las polifon\u00edas del Renacimiento hasta las geniales composiciones en materia de m\u00fasica de c\u00e1mara contempor\u00e1nea.<\/p>\n<p><a href=\"https:\/\/www.criterion.com\/\" target=\"_self\" rel=\"noopener\">The Criterion Collection<\/a>\u00a0es el escaparate definitivo para quienes no s\u00f3lo deseen tener una amplia videoteca, mas desean tener una que sea indiscutiblemente exquisita. Su enorme cat\u00e1logo de pel\u00edculas abarca todas las eras y naciones, y todo t\u00edtulo que aparezca entre sus estantes merece ser visto, sin mencionar que las versiones digitales y los contenidos extra apenas si tienen comparaci\u00f3n.<\/p>\n<p><a href=\"https:\/\/web.archive.org\/web\/20220108171002\/http:\/\/www.critcononline.com\/\">Critical Condition<\/a> (<strong>RIP<\/strong>) era una grandiosa celebraci\u00f3n de cine bizarro y oscuro frecuentemente s\u00f3lo estrenado en formato VHS, y cuya colecci\u00f3n de portadas es verdaderamente excepcional en su disciplina, variedad y (mal) tacto. (Tambi\u00e9n <a href=\"http:\/\/serialkillercalendar.com\/VHSWASTELAND\/\">VHS Wasteland<\/a>)<\/p>\n<p><a href=\"https:\/\/www.deadlypreygallery.com\">Deadly Prey Gallery<\/a> es una galer\u00eda de p\u00f3sters originales de origen Ghan\u00e9s. Echenle una revisada tambi\u00e9n a su Facebook e Instagram para deleitarse con sus maravillosas y dementes creaciones.<\/p>\n<p><a href=\"https:\/\/www.discogs.com\">Discogs<\/a> es la base de datos m\u00e1s completa de m\u00fasica (primordialmente anglo-americana) en el internet. Discograf\u00edas complejas y con lujo de detalles, estructuradas por LPs, EPs, Compilaciones y Sencillos (12&#8243; y 7&#8243;) ser\u00e1n facilmente encontradas ac\u00e1.<\/p>\n<p><a href=\"https:\/\/thedissolve.com\">The Dissolve<\/a> (<strong>RIP<\/strong>) es un portal dedicado a rese\u00f1as y ensayos sobre filmes nuevos y viejos, y con secciones similares a las ac\u00e1 trabajadas pero con mayor presupuesto y profesionalismo.<\/p>\n<p><a href=\"https:\/\/eurekavideo.co.uk\/\">Eureka Video<\/a>, con base en el Reino Unido, posee majestuosas restauraciones de pel\u00edculas para verdaderos fan\u00e1ticos. Las joyas del expresionismo alem\u00e1n, lo mejor de la Edad de Oro del cine japon\u00e9s y algunos de los cl\u00e1sicos de culto de la animaci\u00f3n, entre otras alhajas, se encuentran ac\u00e1 con los mejores contenidos y las versiones m\u00e1s completas.<\/p>\n<p><a href=\"https:\/\/www.factualopinion.com\/the_factual_opinion\/\">The Factual Opinion<\/a> es la\u00a0verdaderamente demente fantas\u00eda de cultura popular ideada por Tucker Stone (auxiliado por otros, entre ellos Sean Wizke, Martin Brown y Nina Stone): Aqu\u00ed encontrar\u00e1n desde cr\u00edtica de libros hasta revisiones de todos los slashers de los 80s. Alucinante.<\/p>\n<p><a href=\"http:\/\/grantland.com\">Grantland<\/a> (<strong>RIP<\/strong>) es la p\u00e1gina creada por Bill Simmons y Chuck Klosterman para casar sus obsesiones paralelas de los deportes (con estupendos an\u00e1lisis matem\u00e1ticos y estad\u00edsticos de Basket y Baseball) y cultura Pop (TV, Cine y tabloides). Difunta en Noviembre del 2015.<\/p>\n<p><a href=\"https:\/\/grumpygamer.com\">Grumpy Gamer<\/a> es donde el dise\u00f1ador de videojuegos Ron Gilbert diatriba sobre sus proyectos pasados y por venir, exponiendo su m\u00e9todo de trabajo, sus bocetos y, ocasionalmente, su desmedida locura.<\/p>\n<p><a href=\"http:\/\/www.hardcoregaming101.net\/\">Harcore Gaming 101<\/a> trae a sus computadores oscuras y perturbadoras delicias del mundo de los videojuegos, incluyendo rarezas japonesas hipersexualizadas y joyas olvidadas de NES y SEGA.<\/p>\n<p><a title=\"IMDb\" href=\"https:\/\/www.imdb.com\/\" target=\"_self\" rel=\"noopener\">IMDb<\/a> deber\u00eda ser la p\u00e1gina de inicio de nuestros lectores. Una complet\u00edsima base de datos, proveedora de noticias y curiosidades tanto cinematogr\u00e1ficas como televisivas y videojueguiles. Si no se encuentra en IMDb lo que est\u00e1 buscando, seguramente es porque no existe.<\/p>\n<p><a href=\"https:\/\/www.archive.org\/\">The Internet Archive<\/a> es un sitio grandioso para descargar rarezas del cine, la m\u00fasica y la literatura de forma totalmente gratuita y legal. Su interface es bastante sencilla de usar, y la cantidad de sorpresas que est\u00e1n disponibles para chequear es apenas imaginable (por ejemplo, <a href=\"https:\/\/archive.org\/details\/Norm_Macdonald_Live\">Norm Macdonald Live!<\/a>).<\/p>\n<p><a href=\"https:\/\/mikelacher.com\">Mike Lacher<\/a>\u00a0es la p\u00e1gina de\u00a0(y apropiadamente suministrado en peque\u00f1as dosis por) Mike Lacher, cuya especialidad es la remarcable y sana iron\u00eda frente a la Internet en general. Destacamos su\u00a0<a href=\"http:\/\/wonder-tonic.com\/filmthesis\/\">generador de t\u00edtulos para ensayos de teor\u00eda cinematogr\u00e1fica<\/a>. y la\u00a0<a href=\"http:\/\/wonder-tonic.com\/artfilm\/\">fiel muestra de audio de \u201ccin\u00e9filos\u201d viendo \u201ccine-arte\u201d<\/a>\u00a0como elementos imprescindibles en nuestro disfrute de la hipermedia del siglo XXI.<\/p>\n<p><a href=\"http:\/\/www.movie-censorship.com\">Movie-Censorship<\/a>, el compendio m\u00e1s completo de escenas borradas y versiones definitivas para aquellos que no quieran perderse una sola degollada ni un solo pez\u00f3n descubierto en la pantalla predilecta.<\/p>\n<p><a href=\"https:\/\/web.archive.org\/web\/20120114090240\/http:\/\/moviemorlocks.com\/\">Movie Morlocks<\/a> (<strong>RIP<\/strong>) es el blog oficial de Turner Classic Movies, y en el podr\u00e1n encontrar lujo de detalles sobre los filmes de Elizabeth Taylor y sobre las maravillas perdidas del cine B y del cine dorado Hollywoodense.<\/p>\n<p><a href=\"http:\/\/notcoming.com\/\">Not Coming to a Theater Near You<\/a> (<strong>RIP<\/strong>), para empezar, es un t\u00edtulo un tanto ir\u00f3nico para hablar sin ambages de pel\u00edculas, tanto de las m\u00e1s recientes como de aquellas que ya tuvieron su momento en las carteleras, pero merecen ser revisadas tras el paso del tiempo. Su base de datos es enorme, y su equipo de redactores es bastante dedicado, hallando el fino, pitag\u00f3rico balance entre humor e informaci\u00f3n. Por desgracia ces\u00f3 de publicar en el a\u00f1o 2014, pero sus obras contin\u00faan all\u00ed mismo, intactas.<\/p>\n<p><a href=\"https:\/\/www.thepinksmoke.com\/\">The Pink Smoke<\/a>\u00a0es, sin duda, una de las principales inspiraciones para crear Filmigrana. Atendido pacientemente por dos hombres entendidos de cine, el sitio tiene un mont\u00f3n de art\u00edculos y rese\u00f1as de sumo valor que abarcan todo tipo de pel\u00edculas, desde los filmes de Arte con may\u00fascula hasta las m\u00e1s rancias maravillas salidas directo-a-video. Altamente recomendado, cuando tengan todo el tiempo y la intenci\u00f3n de leer p\u00e1rrafos enormes.<\/p>\n<p><a href=\"https:\/\/www.polishposter.com\/\">Polish Posters Shop<\/a>, a la que no le daremos m\u00e1s prestigio del que ya tiene.<\/p>\n<p><a href=\"http:\/\/www.polygon.com\">Polygon<\/a> es uno de las mejores santuarios para quienes busquen informaci\u00f3n, rese\u00f1as y ensayos sobre el creciente &#8220;arte&#8221; del videojuego.<\/p>\n<p><a href=\"https:\/\/rarelust.com\">Rarelust<\/a> es quiz\u00e1s el m\u00e1s completo compendio en l\u00ednea de cine B, pornograf\u00eda, er\u00f3tica y creaciones verdaderamente chifladas del s\u00e9ptimo arte. Todo para descargar, todo en la m\u00e1s alta calidad posible. A+ (Ahh, y mantengan este santuario en secreto).<\/p>\n<p><a href=\"https:\/\/theringer.com\">The Ringer<\/a> es el lugar al cual se han mudado varios de los que trabajaban en alg\u00fan momento en Grantland, tambi\u00e9n originario de Bill Simmons, y tambi\u00e9n part\u00edcipe tanto de deportes como de cultura popular.<\/p>\n<p><a href=\"https:\/\/www.rottentomatoes.com\">Rotten Tomatoes<\/a>,\u00a0en la lengua de Sam Peckinpah nos presenta frente a frente con algunos de sus peores enemigos: se trata de la temida cr\u00edtica norteamericana que de da sus reviews sobre el cine reci\u00e9n salido del horno.<\/p>\n<p><a href=\"https:\/\/www.sensesofcinema.com\/\">Senses Of Cinema<\/a>, para el que busque una manera m\u00e1s acad\u00e9mica de sumergirse en los rollos de 35 mm. Se trata de un estupendo magaz\u00edn australiano del cual no deben perderse la estupenda secci\u00f3n de Great Directors, que incluye desde Lucio Fulci hasta David Lean.<\/p>\n<p><a href=\"https:\/\/www.seriouseats.com\">Serious Eats<\/a> es el lugar que no deben dejar de visitar si quieren abrir su apetito: con recetas, listas y mapas detallados de donde comer en las ciudades grandes Estadounidenses, aquellos lectores en fuga\u00a0podr\u00e1n estructurar sus dietas de viaje.<\/p>\n<p><a href=\"http:\/\/dcairns.wordpress.com\/\">Shadowplay<\/a>\u00a0es otra de las grandes influencias de Filmigrana, con la excepci\u00f3n de que sus autores se enfrascan en el cine norteamericano entre 1940 y 1960. As\u00ed que aquel a quien le interesen joyas obscuras de Hitchcock o filmes perdidos de Rock Hudson, ya tiene su guarida cibern\u00e9tica.<\/p>\n<p><a href=\"https:\/\/www.survivinggrady.com\">Surviving Grady<\/a>, para los fan\u00e1ticos de los deportes de la ciudad de Boston y puntualmente de los Red Sox, es un blog comandado por un par de alcoh\u00f3licos que proveen comentario de color a toda la temporada de su equipo predilecto.<\/p>\n<p><a href=\"https:\/\/www.tcm.com\/\" target=\"_self\" rel=\"noopener\">TCM (Turner Classic Movies)<\/a> no s\u00f3lo funciona como una base de datos similar a IMDb, sino que tambi\u00e9n provee excelentes pel\u00edculas en formato de colecci\u00f3n, tanto cl\u00e1sicos intemporales como rarezas de coleccionista.<\/p>\n<p>Aunque ya fallecida, <a href=\"http:\/\/www.trashnite.com\">Trash Nite<\/a> (<strong>RIP<\/strong>) fue un lugar m\u00e1gico para encontrar un memorable dise\u00f1o web, concienzudas revisiones a filmes encontrados solo en VHS y viejas proyecciones hechas a trav\u00e9s de los Estados Unidos de Am\u00e9rica. RIP.<\/p>\n<p>Para el coleccionista y nost\u00e1lgico nacional, el blog <a href=\"http:\/\/vhsybeta.blogspot.com.co\">VHS y Betamax en Colombia<\/a>\u00a0provee una comprensiva historia de los dos formatos en el pa\u00eds, acompa\u00f1ada de, sin duda, la m\u00e1s completa colecci\u00f3n de intros visuales de aquellas casas productoras que forjaron la memoria colectiva cinematogr\u00e1fica local.<\/p>\n<p>Si la Internet fuese un seriado girando en torno a un campeonato de artes marciales, <a href=\"http:\/\/wondersinthedark.wordpress.com\/\">Wonders in the Dark<\/a> (trabajando tambi\u00e9n en la plataforma WordPress) ser\u00eda ese rival que demuestra sus extraordinarias habilidades durante los primeros episodios, y tan s\u00f3lo con duro entrenamiento y numerosas empresas cumplidas podr\u00edamos siquiera enfrentarnos a ellos al final del arco narrativo. Gozando de cr\u00edticas altamente pulidas y un equipo dedicado de lleno al cine, el teatro y la m\u00fasica, este sitio es una referencia obligatoria, tanto para ese denso ensayo universitario como para el entretenimiento m\u00e1s refinado y monocular.<\/p>\n<p>&#8220;<em>&#8230;and now, for something completely different<\/em>&#8221; (dir\u00eda John Cleese en <em>Monty Python<\/em>): <a href=\"https:\/\/www.theasylum.cc\">The Asylum<\/a> y <a href=\"https:\/\/www.fullmoondirect.com\/\">Full Moon Direct<\/a>, para los amantes del cine B, el gore, el softcore y la falta de respeto por los derechos de autor (y probablemente los derechos humanos), son dos estudios que han tra\u00eddo a nuestro regazo obras maestras como la trilog\u00eda de <em>Killjoy<\/em>\u00a0y\u00a0<em>King Of The Ants<\/em>\u00a0del gran Stuart Gordon, y que merecen una visita mensual para revisar que nuevos y enfermos proyectos se traen entre manos, o simplemente para revisar alguno de los muchos, muchos trailers (todos extremadamente divertidos) que tienen en sus promiscuas y prol\u00edficas bases de datos.<\/p>\n<p>Ahora, \u00bfSabe usted de alg\u00fan otro sitio web que pueda ser de inter\u00e9s para nosotros y la comunidad de lectores? Si es as\u00ed, no dude en comentarlo ac\u00e1 mismo o escribir a <em>info@filmigrana.com<\/em>.<\/p>\n","protected":false},"excerpt":{"rendered":"<p>Filmigrana no es un producto exclusivo de la enferma imaginaci\u00f3n de sus redactores; tenemos nuestras fuentes y, en el mejor de los casos, investigamos un poco acerca de aquello que queremos ver, leer o escuchar. Por eso, presentamos a nuestros lectores un listado de sitios a los que podr\u00edan remitirse para ampliar el disfrute de &hellip; <a href=\"https:\/\/filmigrana.com\/criticas\/enlaces\/\" class=\"more-link\">Continue reading <span class=\"screen-reader-text\">Enlaces<\/span> <span class=\"meta-nav\">&rarr;<\/span><\/a><\/p>\n","protected":false},"author":3,"featured_media":0,"parent":0,"menu_order":3,"comment_status":"closed","ping_status":"closed","template":"","meta":{"footnotes":""},"class_list":["post-117","page","type-page","status-publish","hentry"],"_links":{"self":[{"href":"https:\/\/filmigrana.com\/criticas\/wp-json\/wp\/v2\/pages\/117","targetHints":{"allow":["GET"]}}],"collection":[{"href":"https:\/\/filmigrana.com\/criticas\/wp-json\/wp\/v2\/pages"}],"about":[{"href":"https:\/\/filmigrana.com\/criticas\/wp-json\/wp\/v2\/types\/page"}],"author":[{"embeddable":true,"href":"https:\/\/filmigrana.com\/criticas\/wp-json\/wp\/v2\/users\/3"}],"replies":[{"embeddable":true,"href":"https:\/\/filmigrana.com\/criticas\/wp-json\/wp\/v2\/comments?post=117"}],"version-history":[{"count":5,"href":"https:\/\/filmigrana.com\/criticas\/wp-json\/wp\/v2\/pages\/117\/revisions"}],"predecessor-version":[{"id":5554,"href":"https:\/\/filmigrana.com\/criticas\/wp-json\/wp\/v2\/pages\/117\/revisions\/5554"}],"wp:attachment":[{"href":"https:\/\/filmigrana.com\/criticas\/wp-json\/wp\/v2\/media?parent=117"}],"curies":[{"name":"wp","href":"https:\/\/api.w.org\/{rel}","templated":true}]}}