{"id":1010,"date":"2011-10-05T18:58:42","date_gmt":"2011-10-05T23:58:42","guid":{"rendered":"http:\/\/filmigrana.wordpress.com\/?page_id=1010"},"modified":"2022-08-27T17:34:19","modified_gmt":"2022-08-27T17:34:19","slug":"los-fortuitos","status":"publish","type":"page","link":"https:\/\/filmigrana.com\/criticas\/nuestro-alijo\/los-fortuitos\/","title":{"rendered":"Los Fortuitos"},"content":{"rendered":"<p>Todo proyecto a largo plazo, por fant\u00e1stico o terrible que sea, requiere de numerosas manos para salir adelante. Aunque se nos antojar\u00eda vivir por siempre en los aposentos del Castillo de la Apat\u00eda, no podemos negarnos a esta simple realidad log\u00edstica, y entendemos que el cine, gracias al gran n\u00famero de exponentes que ha ofrecido en los \u00faltimos 130 a\u00f1os de historia, tambi\u00e9n requiere de una buena cantidad de espectadores dispuestos a observarlo de forma cr\u00edtica y activa.<\/p>\n<p>Es aqu\u00ed donde ofrecemos un espacio para los individuos que van de paso por el sendero de la apreciaci\u00f3n audiovisual, donde pueden plasmar su opini\u00f3n sean cuales fueren sus intereses, sin que con esto adquieran ning\u00fan tipo de compromiso o liabilidad con nosotros. En la guarida de los Fortuitos nos gusta leer y recibir todo tipo de aproximaciones y ensayos, siempre y cuando demuestren un especial aprecio (o rencor) por el material a tratar. No basta que nos cuenten de qu\u00e9 va la pel\u00edcula (\u00a1Que para eso existe Wikipedia!), pero s\u00ed cuenta manifestar ignorancia ante ella, hacer todo tipo de digresiones o narrar la preparaci\u00f3n del mejor c\u00f3ctel que nadie haya probado jam\u00e1s. Las posibilidades son tantas como personas dispuestas a observar y criticar.<\/p>\n<p>Aporte su visi\u00f3n personal y colabore con este proyecto, indudablemente pensado a muy largo plazo, que nosotros tendremos su trabajo en cuenta. Para m\u00e1s informaci\u00f3n nos puede escribir a info@filmigrana.com.<\/p>\n<p><a href=\"https:\/\/filmigrana.com\/criticas\/index.php\/2010\/10\/21\/wes-anderson-bottle-rocket-199\/\">Bottle Rocket (Wes Anderson, 1996)<\/a>, escrito por JNMGLVDL como parte de unas inacabadas <em>Clases Magistrales<\/em>.<\/p>\n<p><a href=\"https:\/\/filmigrana.com\/criticas\/index.php\/2010\/12\/10\/wes-anderson-rushmore-1998\/\">Rushmore (Wes Anderson, 1998)<\/a>, escrito por JNMGLVDL como parte de unas inacabadas <em>Clases Magistrales<\/em>.<\/p>\n<p><a href=\"https:\/\/filmigrana.com\/criticas\/index.php\/2011\/12\/31\/quentin-dupieux-rubber-2010\/\">Quentin Dupieux: Rubber (2010)<\/a>, escrito por JNMGLVDL como parte de la iniciativa <em>What&#8217;s Your Pleasure, Mr. Cotton<\/em>. Tambi\u00e9n publicado en la revista <a href=\"https:\/\/rec.uniandes.edu.co\/?revista=rec-8\">REC # 8<\/a>.<\/p>\n<p><a href=\"https:\/\/filmigrana.com\/criticas\/index.php\/2012\/06\/30\/alex-de-la-iglesia-payasos-en-la-lavadora-1997\/\">Alex de la Iglesia: Payasos en la lavadora\u00a0(1997)<\/a>, escrito por Daniel Bonilla.<\/p>\n<p><a href=\"https:\/\/filmigrana.com\/criticas\/index.php\/2015\/12\/19\/cita-a-ciegas-gracias-gato-fritz\/\">\u00a1Gracias Gato Fritz!<\/a>\u00a0(Ralph Bakshi, 1972), escrito por\u00a0Andr\u00e9s Sandoval como parte de la iniciativa <em>Cita a Ciegas<\/em>.<\/p>\n<p><a href=\"https:\/\/filmigrana.com\/criticas\/index.php\/2016\/01\/29\/johnnie-to-drug-war-2012\/\">Johnnie To: Drug War (2012)<\/a>, escrito por Hank T. Cohen como parte de la iniciativa <em>Cita a Ciegas<\/em>.<\/p>\n<p><a href=\"https:\/\/filmigrana.com\/criticas\/index.php\/2016\/09\/07\/darren-aranofsky-the-wrestler-2008\/\">Darren Aronofsky: The Wrestler (2008)<\/a>, escrito por Sebasti\u00e1n Hinestrosa.<\/p>\n","protected":false},"excerpt":{"rendered":"<p>Todo proyecto a largo plazo, por fant\u00e1stico o terrible que sea, requiere de numerosas manos para salir adelante. Aunque se nos antojar\u00eda vivir por siempre en los aposentos del Castillo de la Apat\u00eda, no podemos negarnos a esta simple realidad log\u00edstica, y entendemos que el cine, gracias al gran n\u00famero de exponentes que ha ofrecido &hellip; <a href=\"https:\/\/filmigrana.com\/criticas\/nuestro-alijo\/los-fortuitos\/\" class=\"more-link\">Continue reading <span class=\"screen-reader-text\">Los Fortuitos<\/span> <span class=\"meta-nav\">&rarr;<\/span><\/a><\/p>\n","protected":false},"author":5,"featured_media":4910,"parent":597,"menu_order":0,"comment_status":"closed","ping_status":"closed","template":"","meta":{"footnotes":""},"class_list":["post-1010","page","type-page","status-publish","has-post-thumbnail","hentry"],"_links":{"self":[{"href":"https:\/\/filmigrana.com\/criticas\/wp-json\/wp\/v2\/pages\/1010","targetHints":{"allow":["GET"]}}],"collection":[{"href":"https:\/\/filmigrana.com\/criticas\/wp-json\/wp\/v2\/pages"}],"about":[{"href":"https:\/\/filmigrana.com\/criticas\/wp-json\/wp\/v2\/types\/page"}],"author":[{"embeddable":true,"href":"https:\/\/filmigrana.com\/criticas\/wp-json\/wp\/v2\/users\/5"}],"replies":[{"embeddable":true,"href":"https:\/\/filmigrana.com\/criticas\/wp-json\/wp\/v2\/comments?post=1010"}],"version-history":[{"count":4,"href":"https:\/\/filmigrana.com\/criticas\/wp-json\/wp\/v2\/pages\/1010\/revisions"}],"predecessor-version":[{"id":5722,"href":"https:\/\/filmigrana.com\/criticas\/wp-json\/wp\/v2\/pages\/1010\/revisions\/5722"}],"up":[{"embeddable":true,"href":"https:\/\/filmigrana.com\/criticas\/wp-json\/wp\/v2\/pages\/597"}],"wp:featuredmedia":[{"embeddable":true,"href":"https:\/\/filmigrana.com\/criticas\/wp-json\/wp\/v2\/media\/4910"}],"wp:attachment":[{"href":"https:\/\/filmigrana.com\/criticas\/wp-json\/wp\/v2\/media?parent=1010"}],"curies":[{"name":"wp","href":"https:\/\/api.w.org\/{rel}","templated":true}]}}